{"id":168,"date":"2017-05-31T16:52:38","date_gmt":"2017-05-31T16:52:38","guid":{"rendered":"http:\/\/abdullahkoc.com.tr\/?page_id=168"},"modified":"2017-06-01T10:33:52","modified_gmt":"2017-06-01T10:33:52","slug":"camsan","status":"publish","type":"page","link":"http:\/\/abdullahkoc.com.tr\/index.php\/referanslar\/camsan\/","title":{"rendered":"\u00c7amsan"},"content":{"rendered":"<p>Yakla\u015f\u0131k y\u00fcz beyaz ve mavi yaka personele Firma toplant\u0131 salonunda \u0130leri Excel E\u011fitimi,<\/p>\n","protected":false},"excerpt":{"rendered":"<p>Yakla\u015f\u0131k y\u00fcz beyaz ve mavi yaka personele Firma toplant\u0131 salonunda \u0130leri Excel E\u011fitimi,<\/p>\n","protected":false},"author":1,"featured_media":190,"parent":179,"menu_order":0,"comment_status":"closed","ping_status":"closed","template":"","meta":{"jetpack_post_was_ever_published":false,"footnotes":""},"class_list":["post-168","page","type-page","status-publish","has-post-thumbnail","hentry"],"jetpack_sharing_enabled":true,"jetpack_shortlink":"https:\/\/wp.me\/P91l8e-2I","jetpack_likes_enabled":true,"jetpack-related-posts":[],"_links":{"self":[{"href":"http:\/\/abdullahkoc.com.tr\/index.php\/wp-json\/wp\/v2\/pages\/168","targetHints":{"allow":["GET"]}}],"collection":[{"href":"http:\/\/abdullahkoc.com.tr\/index.php\/wp-json\/wp\/v2\/pages"}],"about":[{"href":"http:\/\/abdullahkoc.com.tr\/index.php\/wp-json\/wp\/v2\/types\/page"}],"author":[{"embeddable":true,"href":"http:\/\/abdullahkoc.com.tr\/index.php\/wp-json\/wp\/v2\/users\/1"}],"replies":[{"embeddable":true,"href":"http:\/\/abdullahkoc.com.tr\/index.php\/wp-json\/wp\/v2\/comments?post=168"}],"version-history":[{"count":3,"href":"http:\/\/abdullahkoc.com.tr\/index.php\/wp-json\/wp\/v2\/pages\/168\/revisions"}],"predecessor-version":[{"id":178,"href":"http:\/\/abdullahkoc.com.tr\/index.php\/wp-json\/wp\/v2\/pages\/168\/revisions\/178"}],"up":[{"embeddable":true,"href":"http:\/\/abdullahkoc.com.tr\/index.php\/wp-json\/wp\/v2\/pages\/179"}],"wp:featuredmedia":[{"embeddable":true,"href":"http:\/\/abdullahkoc.com.tr\/index.php\/wp-json\/wp\/v2\/media\/190"}],"wp:attachment":[{"href":"http:\/\/abdullahkoc.com.tr\/index.php\/wp-json\/wp\/v2\/media?parent=168"}],"curies":[{"name":"wp","href":"https:\/\/api.w.org\/{rel}","templated":true}]}}