{"id":2,"date":"2017-05-30T12:56:12","date_gmt":"2017-05-30T12:56:12","guid":{"rendered":"http:\/\/abdullahkoc.com.tr\/?page_id=2"},"modified":"2017-05-31T15:39:43","modified_gmt":"2017-05-31T15:39:43","slug":"sample-page","status":"publish","type":"page","link":"http:\/\/abdullahkoc.com.tr\/index.php\/sample-page\/","title":{"rendered":"Hakk\u0131mda"},"content":{"rendered":"<p><strong>Bilgisayar teknolojisi ile\u00a0<\/strong>\u00a0tan\u0131\u015fmam 1994 y\u0131l\u0131na kadar uzan\u0131r. Onun \u00f6ncesinde k\u00f6y\u00fcm\u00fczde kendi halimizde hayat ya\u015fard\u0131k. Lise d\u00f6nemimde Elektrik okurken ger\u00e7ek mana da Bilgisayar dedi\u011fimiz Z80 ler ile tan\u0131\u015fm\u0131\u015f oldum. GW Basic ile \u00fc\u00e7 be\u015f sat\u0131r kod yazmaktan ba\u015fka bir\u015fey de\u011fildi yapt\u0131\u011f\u0131m\u0131z. Peki ya sonra ne oldu? Bilgisayar Yaz\u0131l\u0131m b\u00f6l\u00fcm\u00fc ile Lise ve Bilgisayar Programc\u0131l\u0131\u011f\u0131 ile y\u00fcksekokul sonra Bilgisayar M\u00fchendisli\u011fi ile de \u00fcniversite hayallerimi ger\u00e7ekle\u015ftirmi\u015f olduk.<\/p>\n<p><strong>Tecr\u00fcbe ve Deneyim<\/strong>\u00a0ise Meb il\u00e7e okul m\u00fcd\u00fcrlerine\u00a0\u00a0Halk E\u011fitim Merkezi arac\u0131l\u0131\u011f\u0131 ile hizmet i\u00e7i e\u011fitim semineri ad\u0131 alt\u0131nda Bilgisayar dersleri ile ba\u015flad\u0131. Ger\u00e7i okul hayat\u0131m boyunca hep \u00f6\u011fretmeyi sevdim. Sonras\u0131nda Halk E\u011fitim Merkezleri ile Bilgisayar dersleri verirken Kosova&#8217;da ve oradaki T\u00fcrk karde\u015flerimize bilgisayar \u00f6\u011fretmek ad\u0131na k\u0131sa bir s\u00fcre orada Bilgisayar dersleri vermeye devam ettim. D\u00f6n\u00fc\u015f Sonras\u0131 \u00a0askerlik ve Ticari bir firmada Sat\u0131\u015f dan\u0131\u015fman\u0131 olarak bir y\u0131l \u00e7al\u0131\u015ft\u0131ktan sonra tekrar eski mesle\u011fime Bilgisayar \u00d6\u011fretmenli\u011fine geri d\u00f6nd\u00fcm.<\/p>\n<p>Bana g\u00f6re uzun ancak bir \u00f6m\u00fcr i\u00e7inde k\u0131sa say\u0131labilecek bir s\u00fcre, yakla\u015f\u0131k 10 y\u0131l Bildil E\u011fitim Merkezi b\u00fcnyesinde bilgisayar dersleri verdim. Bu s\u00fcre zarf\u0131nda \u00e7e\u015fitli kurumlara a\u015fa\u011f\u0131da belirtece\u011fim dallarda e\u011fitim verdim.<\/p>\n<ul>\n<li>Bilgisayar \u0130\u015fletmenli\u011fi (Microsoft Windows, Word, Excel, Powerpoint, Outlook, Access, Publisher)<\/li>\n<li>Bilgisayar Programc\u0131l\u0131\u011f\u0131 (Microsoft Visual Basic)<\/li>\n<li>Web Programc\u0131l\u0131\u011f\u0131 (ASP.Net, Microsoft Visual Studio \u00fczerinde Visual Basic ile)<\/li>\n<\/ul>\n<p><strong>Ayr\u0131ca<\/strong>\u00a0Zirve Yaz\u0131l\u0131m ile;<\/p>\n<ul>\n<li>Zirve yaz\u0131l\u0131m \u00d6n Muhasebe (Stok, Cari, Fatura, \u00c7ek-Senet, Kasa, Banka, Gelir-Gider, D\u00f6viz)<\/li>\n<li>Zirve Yaz\u0131l\u0131m Finansman ( Muhasebe ile \u00d6n Muhasebe Entegrasyonu)<\/li>\n<li>Zirve Yaz\u0131l\u0131m E-Fatura Uygulamalar\u0131<\/li>\n<li>Zirve Yaz\u0131l\u0131m E-defter Uygulamalar\u0131<\/li>\n<\/ul>\n","protected":false},"excerpt":{"rendered":"<p>Bilgisayar teknolojisi ile\u00a0\u00a0tan\u0131\u015fmam 1994 y\u0131l\u0131na kadar uzan\u0131r. Onun \u00f6ncesinde k\u00f6y\u00fcm\u00fczde kendi halimizde hayat ya\u015fard\u0131k. Lise d\u00f6nemimde Elektrik okurken ger\u00e7ek mana da Bilgisayar dedi\u011fimiz Z80 ler ile tan\u0131\u015fm\u0131\u015f oldum. GW Basic ile \u00fc\u00e7 be\u015f sat\u0131r kod yazmaktan ba\u015fka bir\u015fey de\u011fildi yapt\u0131\u011f\u0131m\u0131z. Peki ya sonra ne oldu? Bilgisayar Yaz\u0131l\u0131m b\u00f6l\u00fcm\u00fc ile Lise&hellip;<\/p>\n","protected":false},"author":1,"featured_media":72,"parent":0,"menu_order":0,"comment_status":"closed","ping_status":"open","template":"","meta":{"jetpack_post_was_ever_published":false,"footnotes":""},"class_list":["post-2","page","type-page","status-publish","has-post-thumbnail","hentry"],"jetpack_sharing_enabled":true,"jetpack_shortlink":"https:\/\/wp.me\/P91l8e-2","jetpack_likes_enabled":true,"jetpack-related-posts":[],"_links":{"self":[{"href":"http:\/\/abdullahkoc.com.tr\/index.php\/wp-json\/wp\/v2\/pages\/2","targetHints":{"allow":["GET"]}}],"collection":[{"href":"http:\/\/abdullahkoc.com.tr\/index.php\/wp-json\/wp\/v2\/pages"}],"about":[{"href":"http:\/\/abdullahkoc.com.tr\/index.php\/wp-json\/wp\/v2\/types\/page"}],"author":[{"embeddable":true,"href":"http:\/\/abdullahkoc.com.tr\/index.php\/wp-json\/wp\/v2\/users\/1"}],"replies":[{"embeddable":true,"href":"http:\/\/abdullahkoc.com.tr\/index.php\/wp-json\/wp\/v2\/comments?post=2"}],"version-history":[{"count":7,"href":"http:\/\/abdullahkoc.com.tr\/index.php\/wp-json\/wp\/v2\/pages\/2\/revisions"}],"predecessor-version":[{"id":121,"href":"http:\/\/abdullahkoc.com.tr\/index.php\/wp-json\/wp\/v2\/pages\/2\/revisions\/121"}],"wp:featuredmedia":[{"embeddable":true,"href":"http:\/\/abdullahkoc.com.tr\/index.php\/wp-json\/wp\/v2\/media\/72"}],"wp:attachment":[{"href":"http:\/\/abdullahkoc.com.tr\/index.php\/wp-json\/wp\/v2\/media?parent=2"}],"curies":[{"name":"wp","href":"https:\/\/api.w.org\/{rel}","templated":true}]}}