{"id":53,"date":"2017-05-30T15:21:02","date_gmt":"2017-05-30T15:21:02","guid":{"rendered":"http:\/\/abdullahkoc.com.tr\/?page_id=53"},"modified":"2017-10-18T09:58:21","modified_gmt":"2017-10-18T09:58:21","slug":"uygulamali-ileri-excel-kursu","status":"publish","type":"page","link":"http:\/\/abdullahkoc.com.tr\/index.php\/microsoft-excel\/uygulamali-ileri-excel-kursu\/","title":{"rendered":"\u0130leri D\u00fczey Access E\u011fitimleri (Uygulamal\u0131)"},"content":{"rendered":"<p>\u0130leri D\u00fczey Access E\u011fitimleri<\/p>\n<p>Raporlama ve analiz i\u00e7in D\u00fczce,Sakarya ve Kocaeli \u00e7evrelerinde her i\u015fletmenin kulland\u0131\u011f\u0131 vazge\u00e7ilmez program olan Microsoft Access ile ileri d\u00fczey form\u00fcl ve ara\u00e7lar\u0131n kullan\u0131m\u0131 ile birlikte temel anlamda makro kodlar\u0131 olu\u015fturma ve yazma.<\/p>\n<p>\u0130leri D\u00fczey Access E\u011fitimi almak isteyen kurumlar detayl\u0131 bilgi i\u00e7in aray\u0131n\u0131z.<\/p>\n<p>Kimler kat\u0131labilir: Temel Bilgisayar ve Access bilgisi olan herkes e\u011fitimlere kat\u0131labilir.<\/p>\n<p><strong>\u0130LER\u0130 D\u00dcZEY M\u0130CROSOFT ACCESS E\u011e\u0130T\u0130M \u0130\u00c7ER\u0130\u011e\u0130<\/strong><\/p>\n<p>&nbsp;<\/p>\n","protected":false},"excerpt":{"rendered":"<p>\u0130leri D\u00fczey Access E\u011fitimleri Raporlama ve analiz i\u00e7in D\u00fczce,Sakarya ve Kocaeli \u00e7evrelerinde her i\u015fletmenin kulland\u0131\u011f\u0131 vazge\u00e7ilmez program olan Microsoft Access ile ileri d\u00fczey form\u00fcl ve ara\u00e7lar\u0131n kullan\u0131m\u0131 ile birlikte temel anlamda makro kodlar\u0131 olu\u015fturma ve yazma. \u0130leri D\u00fczey Access E\u011fitimi almak isteyen kurumlar detayl\u0131 bilgi i\u00e7in aray\u0131n\u0131z. Kimler kat\u0131labilir: Temel&hellip;<\/p>\n","protected":false},"author":1,"featured_media":331,"parent":58,"menu_order":0,"comment_status":"closed","ping_status":"closed","template":"","meta":{"jetpack_post_was_ever_published":false,"footnotes":""},"class_list":["post-53","page","type-page","status-publish","has-post-thumbnail","hentry"],"jetpack_sharing_enabled":true,"jetpack_shortlink":"https:\/\/wp.me\/P91l8e-R","jetpack_likes_enabled":true,"jetpack-related-posts":[],"_links":{"self":[{"href":"http:\/\/abdullahkoc.com.tr\/index.php\/wp-json\/wp\/v2\/pages\/53","targetHints":{"allow":["GET"]}}],"collection":[{"href":"http:\/\/abdullahkoc.com.tr\/index.php\/wp-json\/wp\/v2\/pages"}],"about":[{"href":"http:\/\/abdullahkoc.com.tr\/index.php\/wp-json\/wp\/v2\/types\/page"}],"author":[{"embeddable":true,"href":"http:\/\/abdullahkoc.com.tr\/index.php\/wp-json\/wp\/v2\/users\/1"}],"replies":[{"embeddable":true,"href":"http:\/\/abdullahkoc.com.tr\/index.php\/wp-json\/wp\/v2\/comments?post=53"}],"version-history":[{"count":7,"href":"http:\/\/abdullahkoc.com.tr\/index.php\/wp-json\/wp\/v2\/pages\/53\/revisions"}],"predecessor-version":[{"id":327,"href":"http:\/\/abdullahkoc.com.tr\/index.php\/wp-json\/wp\/v2\/pages\/53\/revisions\/327"}],"up":[{"embeddable":true,"href":"http:\/\/abdullahkoc.com.tr\/index.php\/wp-json\/wp\/v2\/pages\/58"}],"wp:featuredmedia":[{"embeddable":true,"href":"http:\/\/abdullahkoc.com.tr\/index.php\/wp-json\/wp\/v2\/media\/331"}],"wp:attachment":[{"href":"http:\/\/abdullahkoc.com.tr\/index.php\/wp-json\/wp\/v2\/media?parent=53"}],"curies":[{"name":"wp","href":"https:\/\/api.w.org\/{rel}","templated":true}]}}