{"id":56,"date":"2017-05-30T15:23:08","date_gmt":"2017-05-30T15:23:08","guid":{"rendered":"http:\/\/abdullahkoc.com.tr\/?page_id=56"},"modified":"2017-10-17T16:21:12","modified_gmt":"2017-10-17T16:21:12","slug":"microsoft-excel-makro-vba","status":"publish","type":"page","link":"http:\/\/abdullahkoc.com.tr\/index.php\/microsoft-excel\/microsoft-excel-makro-vba\/","title":{"rendered":"Excel Makro (VBA) Kursu (Uygulamal\u0131)"},"content":{"rendered":"<p>Microsoft Excel Makro VBA<\/p>\n<p><strong>MAKRO VBA E\u011e\u0130T\u0130M \u0130\u00c7ER\u0130\u011e\u0130\u00a0<\/strong><\/p>\n<ul>\n<li>Programlama Dili Nedir ve VBA nas\u0131l bir ortamd\u0131r?<\/li>\n<li>VBA\u2019de Program Yazma&#8230;<\/li>\n<li>Genel Program Yap\u0131s\u0131<\/li>\n<li>Makro Kaydetme<\/li>\n<li>Do\u011frudan Mod\u00fclden Program yazma<\/li>\n<li>Program A\u00e7\u0131klama Sat\u0131rlar\u0131<\/li>\n<li>Sabitlerin Kullan\u0131m\u0131<\/li>\n<li>De\u011fi\u015fkenlerin Kullan\u0131m\u0131<\/li>\n<li>De\u011fi\u015fken adland\u0131rma kurallar\u0131<\/li>\n<li>De\u011fi\u015fkenlerin Kapsam\u0131 ve \u00d6mr\u00fc<\/li>\n<li>Yerel De\u011fi\u015fkenler ve Global (Mod\u00fcl) D\u00fczeyinde De\u011fi\u015fkenler<\/li>\n<li>Statik de\u011fi\u015fkenler<\/li>\n<li>Diziler<\/li>\n<\/ul>\n<p>&nbsp;<\/p>\n","protected":false},"excerpt":{"rendered":"<p>Microsoft Excel Makro VBA MAKRO VBA E\u011e\u0130T\u0130M \u0130\u00c7ER\u0130\u011e\u0130\u00a0 Programlama Dili Nedir ve VBA nas\u0131l bir ortamd\u0131r? VBA\u2019de Program Yazma&#8230; Genel Program Yap\u0131s\u0131 Makro Kaydetme Do\u011frudan Mod\u00fclden Program yazma Program A\u00e7\u0131klama Sat\u0131rlar\u0131 Sabitlerin Kullan\u0131m\u0131 De\u011fi\u015fkenlerin Kullan\u0131m\u0131 De\u011fi\u015fken adland\u0131rma kurallar\u0131 De\u011fi\u015fkenlerin Kapsam\u0131 ve \u00d6mr\u00fc Yerel De\u011fi\u015fkenler ve Global (Mod\u00fcl) D\u00fczeyinde De\u011fi\u015fkenler Statik&hellip;<\/p>\n","protected":false},"author":1,"featured_media":323,"parent":58,"menu_order":0,"comment_status":"closed","ping_status":"closed","template":"","meta":{"jetpack_post_was_ever_published":false,"footnotes":""},"class_list":["post-56","page","type-page","status-publish","has-post-thumbnail","hentry"],"jetpack_sharing_enabled":true,"jetpack_shortlink":"https:\/\/wp.me\/P91l8e-U","jetpack_likes_enabled":true,"jetpack-related-posts":[],"_links":{"self":[{"href":"http:\/\/abdullahkoc.com.tr\/index.php\/wp-json\/wp\/v2\/pages\/56","targetHints":{"allow":["GET"]}}],"collection":[{"href":"http:\/\/abdullahkoc.com.tr\/index.php\/wp-json\/wp\/v2\/pages"}],"about":[{"href":"http:\/\/abdullahkoc.com.tr\/index.php\/wp-json\/wp\/v2\/types\/page"}],"author":[{"embeddable":true,"href":"http:\/\/abdullahkoc.com.tr\/index.php\/wp-json\/wp\/v2\/users\/1"}],"replies":[{"embeddable":true,"href":"http:\/\/abdullahkoc.com.tr\/index.php\/wp-json\/wp\/v2\/comments?post=56"}],"version-history":[{"count":9,"href":"http:\/\/abdullahkoc.com.tr\/index.php\/wp-json\/wp\/v2\/pages\/56\/revisions"}],"predecessor-version":[{"id":328,"href":"http:\/\/abdullahkoc.com.tr\/index.php\/wp-json\/wp\/v2\/pages\/56\/revisions\/328"}],"up":[{"embeddable":true,"href":"http:\/\/abdullahkoc.com.tr\/index.php\/wp-json\/wp\/v2\/pages\/58"}],"wp:featuredmedia":[{"embeddable":true,"href":"http:\/\/abdullahkoc.com.tr\/index.php\/wp-json\/wp\/v2\/media\/323"}],"wp:attachment":[{"href":"http:\/\/abdullahkoc.com.tr\/index.php\/wp-json\/wp\/v2\/media?parent=56"}],"curies":[{"name":"wp","href":"https:\/\/api.w.org\/{rel}","templated":true}]}}