{"id":63,"date":"2017-05-30T15:28:49","date_gmt":"2017-05-30T15:28:49","guid":{"rendered":"http:\/\/abdullahkoc.com.tr\/?page_id=63"},"modified":"2017-10-17T16:21:28","modified_gmt":"2017-10-17T16:21:28","slug":"excel-egitimi-kursu","status":"publish","type":"page","link":"http:\/\/abdullahkoc.com.tr\/index.php\/microsoft-excel\/excel-egitimi-kursu\/","title":{"rendered":"Microsoft Access E\u011fitimleri (Uygulamal\u0131)"},"content":{"rendered":"<p>D\u00fczce, Sakarya ve Kocaeli \u00e7evresinde kurumsal Temel ve \u0130leri D\u00fczey Access E\u011fitimi veriyorum. Temel ve \u0130leri d\u00fczey Microsoft Access e\u011fitimleri i\u00e7in irtibat kurabilirsiniz.<\/p>\n<p>E\u011fitimler Gerek kurumunuzda, gerekse kendi kurumumda verilebilmektedir. Detayl\u0131 bilgi i\u00e7in aray\u0131n\u0131z.<\/p>\n<p>Not: Ayr\u0131ca bireylere \u00f6zel Microsoft Excel Temel ve \u0130leri D\u00fczey e\u011fitimleri vermekteyim.<\/p>\n<p>&nbsp;<\/p>\n","protected":false},"excerpt":{"rendered":"<p>E\u011fitimler Gerek kurumunuzda, gerekse kendi kurumumda verilebilmektedir.<\/p>\n","protected":false},"author":1,"featured_media":74,"parent":58,"menu_order":0,"comment_status":"closed","ping_status":"closed","template":"","meta":{"jetpack_post_was_ever_published":false,"footnotes":""},"class_list":["post-63","page","type-page","status-publish","has-post-thumbnail","hentry"],"jetpack_sharing_enabled":true,"jetpack_shortlink":"https:\/\/wp.me\/P91l8e-11","jetpack_likes_enabled":true,"jetpack-related-posts":[],"_links":{"self":[{"href":"http:\/\/abdullahkoc.com.tr\/index.php\/wp-json\/wp\/v2\/pages\/63","targetHints":{"allow":["GET"]}}],"collection":[{"href":"http:\/\/abdullahkoc.com.tr\/index.php\/wp-json\/wp\/v2\/pages"}],"about":[{"href":"http:\/\/abdullahkoc.com.tr\/index.php\/wp-json\/wp\/v2\/types\/page"}],"author":[{"embeddable":true,"href":"http:\/\/abdullahkoc.com.tr\/index.php\/wp-json\/wp\/v2\/users\/1"}],"replies":[{"embeddable":true,"href":"http:\/\/abdullahkoc.com.tr\/index.php\/wp-json\/wp\/v2\/comments?post=63"}],"version-history":[{"count":11,"href":"http:\/\/abdullahkoc.com.tr\/index.php\/wp-json\/wp\/v2\/pages\/63\/revisions"}],"predecessor-version":[{"id":330,"href":"http:\/\/abdullahkoc.com.tr\/index.php\/wp-json\/wp\/v2\/pages\/63\/revisions\/330"}],"up":[{"embeddable":true,"href":"http:\/\/abdullahkoc.com.tr\/index.php\/wp-json\/wp\/v2\/pages\/58"}],"wp:featuredmedia":[{"embeddable":true,"href":"http:\/\/abdullahkoc.com.tr\/index.php\/wp-json\/wp\/v2\/media\/74"}],"wp:attachment":[{"href":"http:\/\/abdullahkoc.com.tr\/index.php\/wp-json\/wp\/v2\/media?parent=63"}],"curies":[{"name":"wp","href":"https:\/\/api.w.org\/{rel}","templated":true}]}}