{"id":278,"date":"2017-08-24T07:46:58","date_gmt":"2017-08-24T07:46:58","guid":{"rendered":"http:\/\/abdullahkoc.com.tr\/?post_type=product&#038;p=278"},"modified":"2024-09-26T06:12:19","modified_gmt":"2024-09-26T06:12:19","slug":"microsoft-excel-ileri-duzey-ders-notlari","status":"publish","type":"product","link":"http:\/\/abdullahkoc.com.tr\/index.php\/urun\/microsoft-excel-ileri-duzey-ders-notlari\/","title":{"rendered":"\u0130leri D\u00fczey Microsoft Excel Kursu"},"content":{"rendered":"<p>\u0130leri D\u00fczey Microsoft Excel Kursu hakk\u0131nda detayl\u0131 bilgi almak i\u00e7in l\u00fctfen aray\u0131n\u0131z.<\/p>\n","protected":false},"excerpt":{"rendered":"<p>\u0130leri D\u00fczey Microsoft Excel Kursu hakk\u0131nda detayl\u0131 bilgi almak i\u00e7in l\u00fctfen aray\u0131n\u0131z.<\/p>\n<p>0 530 601 13 71<\/p>\n","protected":false},"featured_media":280,"comment_status":"open","ping_status":"closed","template":"","meta":{"jetpack_post_was_ever_published":false,"jetpack_publicize_message":"","jetpack_publicize_feature_enabled":true,"jetpack_social_post_already_shared":false,"jetpack_social_options":{"image_generator_settings":{"template":"highway","default_image_id":0,"enabled":false},"version":2}},"product_brand":[],"product_cat":[46],"product_tag":[],"class_list":{"0":"post-278","1":"product","2":"type-product","3":"status-publish","4":"has-post-thumbnail","6":"product_cat-microsoft-excel","8":"first","9":"instock","10":"sale","11":"shipping-taxable","12":"purchasable","13":"product-type-simple"},"jetpack_publicize_connections":[],"jetpack_sharing_enabled":true,"jetpack_likes_enabled":true,"jetpack-related-posts":[],"_links":{"self":[{"href":"http:\/\/abdullahkoc.com.tr\/index.php\/wp-json\/wp\/v2\/product\/278","targetHints":{"allow":["GET"]}}],"collection":[{"href":"http:\/\/abdullahkoc.com.tr\/index.php\/wp-json\/wp\/v2\/product"}],"about":[{"href":"http:\/\/abdullahkoc.com.tr\/index.php\/wp-json\/wp\/v2\/types\/product"}],"replies":[{"embeddable":true,"href":"http:\/\/abdullahkoc.com.tr\/index.php\/wp-json\/wp\/v2\/comments?post=278"}],"wp:featuredmedia":[{"embeddable":true,"href":"http:\/\/abdullahkoc.com.tr\/index.php\/wp-json\/wp\/v2\/media\/280"}],"wp:attachment":[{"href":"http:\/\/abdullahkoc.com.tr\/index.php\/wp-json\/wp\/v2\/media?parent=278"}],"wp:term":[{"taxonomy":"product_brand","embeddable":true,"href":"http:\/\/abdullahkoc.com.tr\/index.php\/wp-json\/wp\/v2\/product_brand?post=278"},{"taxonomy":"product_cat","embeddable":true,"href":"http:\/\/abdullahkoc.com.tr\/index.php\/wp-json\/wp\/v2\/product_cat?post=278"},{"taxonomy":"product_tag","embeddable":true,"href":"http:\/\/abdullahkoc.com.tr\/index.php\/wp-json\/wp\/v2\/product_tag?post=278"}],"curies":[{"name":"wp","href":"https:\/\/api.w.org\/{rel}","templated":true}]}}