{"id":300,"date":"2017-10-13T07:37:29","date_gmt":"2017-10-13T07:37:29","guid":{"rendered":"http:\/\/abdullahkoc.com.tr\/?post_type=product&#038;p=300"},"modified":"2023-01-09T09:57:04","modified_gmt":"2023-01-09T09:57:04","slug":"temel-microsoft-excel-kursu","status":"publish","type":"product","link":"http:\/\/abdullahkoc.com.tr\/index.php\/urun\/temel-microsoft-excel-kursu\/","title":{"rendered":"Temel Microsoft Excel Kursu"},"content":{"rendered":"<p>Microsoft Excel \u0130leri D\u00fczey Ders Notlar\u0131<\/p>\n<p>&nbsp;<\/p>\n","protected":false},"excerpt":{"rendered":"<p>Microsoft Excel \u0130leri D\u00fczey Ders Notlar\u0131 &nbsp;<\/p>\n","protected":false},"featured_media":72,"comment_status":"open","ping_status":"closed","template":"","meta":{"jetpack_post_was_ever_published":false,"jetpack_publicize_message":"","jetpack_publicize_feature_enabled":true,"jetpack_social_post_already_shared":false,"jetpack_social_options":{"image_generator_settings":{"template":"highway","default_image_id":0,"enabled":false},"version":2}},"product_brand":[],"product_cat":[46],"product_tag":[],"class_list":{"0":"post-300","1":"product","2":"type-product","3":"status-publish","4":"has-post-thumbnail","6":"product_cat-microsoft-excel","8":"first","9":"instock","10":"sale","11":"shipping-taxable","12":"purchasable","13":"product-type-simple"},"jetpack_publicize_connections":[],"jetpack_sharing_enabled":true,"jetpack_likes_enabled":true,"jetpack-related-posts":[],"_links":{"self":[{"href":"http:\/\/abdullahkoc.com.tr\/index.php\/wp-json\/wp\/v2\/product\/300","targetHints":{"allow":["GET"]}}],"collection":[{"href":"http:\/\/abdullahkoc.com.tr\/index.php\/wp-json\/wp\/v2\/product"}],"about":[{"href":"http:\/\/abdullahkoc.com.tr\/index.php\/wp-json\/wp\/v2\/types\/product"}],"replies":[{"embeddable":true,"href":"http:\/\/abdullahkoc.com.tr\/index.php\/wp-json\/wp\/v2\/comments?post=300"}],"wp:featuredmedia":[{"embeddable":true,"href":"http:\/\/abdullahkoc.com.tr\/index.php\/wp-json\/wp\/v2\/media\/72"}],"wp:attachment":[{"href":"http:\/\/abdullahkoc.com.tr\/index.php\/wp-json\/wp\/v2\/media?parent=300"}],"wp:term":[{"taxonomy":"product_brand","embeddable":true,"href":"http:\/\/abdullahkoc.com.tr\/index.php\/wp-json\/wp\/v2\/product_brand?post=300"},{"taxonomy":"product_cat","embeddable":true,"href":"http:\/\/abdullahkoc.com.tr\/index.php\/wp-json\/wp\/v2\/product_cat?post=300"},{"taxonomy":"product_tag","embeddable":true,"href":"http:\/\/abdullahkoc.com.tr\/index.php\/wp-json\/wp\/v2\/product_tag?post=300"}],"curies":[{"name":"wp","href":"https:\/\/api.w.org\/{rel}","templated":true}]}}